{"id":6,"date":"2015-11-11T10:03:43","date_gmt":"2015-11-11T10:03:43","guid":{"rendered":"http:\/\/bm-sv-kelih.at\/?page_id=6"},"modified":"2019-01-22T13:36:10","modified_gmt":"2019-01-22T12:36:10","slug":"impressum","status":"publish","type":"page","link":"https:\/\/bm-sv-kelih.at\/?page_id=6","title":{"rendered":"<center><br>Impressum<br><br><\/center>"},"content":{"rendered":"<p><strong><span style=\"color: #000000;\">Rechtsform<\/span><\/strong><br \/>\n<span style=\"color: #0000ff;\"><strong>Baumeisterb\u00fcro Ing. Kelih GmbH<\/strong><\/span><\/p>\n<p><strong><span style=\"color: #000000;\">HRB\/FN<\/span><\/strong><br \/>\n<span style=\"color: #0000ff;\"><strong>FN 400211x<\/strong><\/span><\/p>\n<p><strong><span style=\"color: #000000;\">Kammer\/Verband<\/span><\/strong><br \/>\n<span style=\"color: #0000ff;\"><strong><a style=\"color: #0000ff;\" href=\"http:\/\/portal.wko.at\/\" target=\"_blank\" rel=\"noopener\">Wirtschaftskammer<\/a><\/strong><\/span><\/p>\n<p><strong><span style=\"color: #000000;\">Handelsrechtlicher und gewerberechtlicher Gesch\u00e4ftsf\u00fchrer<\/span><\/strong><br \/>\n<span style=\"color: #0000ff;\"><strong>Bmstr. Ing. Franz Kelih<\/strong><\/span><\/p>\n<p><strong><span style=\"color: #000000;\">UID<\/span><\/strong><br \/>\n<span style=\"color: #0000ff;\"><strong>ATU 68044635<\/strong><\/span><\/p>\n<p><span style=\"color: #000000;\"><strong>DATENSCHUTZ<\/strong><\/span><\/p>\n<p><strong><span style=\"color: #0000ff;\">Alle Informationen und Erkl\u00e4rungen dieser Internetseiten sind unverbindlich. Die Baumeisterb\u00fcro Ing. Kelih GmbH \u00fcbernimmt f\u00fcr die Richtigkeit und Vollst\u00e4ndigkeit der Inhalte keine Gew\u00e4hr. Fehler im Inhalt werden bei Kenntnis sofort und unverz\u00fcglich korrigiert. Es kann nicht garantiert werden, dass Informationen oder pers\u00f6nliche Daten, die uns \u00fcbermittelt werden, bei der \u00dcbermittlung nicht von Dritten verwendet werden.<\/span><\/strong><\/p>\n<p><strong><span style=\"color: #0000ff;\">Haftung:<\/span><\/strong><br \/>\n<strong><span style=\"color: #0000ff;\"> Der Betreiber dieser Homepage ist bem\u00fcht, richtige und vollst\u00e4ndige Informationen auf dieser Website bereitzustellen. Es wird aber keinerlei Verantwortung, Garantie oder Haftung daf\u00fcr \u00fcbernommen, dass die auf dieser Website bereitgestellten Informationen, einschlie\u00dflich jeglicher Datenbankeintr\u00e4ge, richtig, vollst\u00e4ndig oder aktuell sind. Der Betreiber beh\u00e4lt sich das Recht vor, jederzeit und ohne Vorank\u00fcndigung die Informationen auf dieser Website zu \u00e4ndern und verpflichtet sich auch nicht, die enthaltenen Informationen zu aktualisieren. Die Links sind ausschlie\u00dflich als Vereinfachung f\u00fcr die Benutzer gedacht und die Aufnahme eines beliebigen Links bedeutet keine Unterst\u00fctzung oder Empfehlung der verlinkten Informationen. Der Betreiber ist nicht f\u00fcr die Inhalte auf irgendeiner verlinkten Website oder irgendeinem Link in einer verlinkten Website verantwortlich. In keinem Fall kann der Betreiber f\u00fcr Sch\u00e4den irgendeiner Art haftbar gemacht werden, die sich aus der Nutzung, dem Inhalt oder der Verf\u00fcgbarkeit dieser Website, oder den Dokumenten, Diensten und Informationen auf dieser Website ergeben k\u00f6nnten. Auch kein Folgeschaden oder sonstige Sch\u00e4den, welche sich aus Datenverlust, Nutzungsausfall oder sonstigen Gr\u00fcnden aller Art ergeben k\u00f6nnten.<\/span><\/strong><\/p>\n<p><strong><span style=\"color: #0000ff;\">Erl\u00e4uterungen zum Datenschutz:<\/span><\/strong><br \/>\n<strong><span style=\"color: #0000ff;\"> Sie k\u00f6nnen im Regelfall die Internetseite der Baumeisterb\u00fcro Ing. Kelih GmbH aufrufen, ohne Angaben \u00fcber Ihre Person zu machen.<\/span><\/strong><br \/>\n<strong><span style=\"color: #0000ff;\"> Durch die Aufrufe der Internetseite erh\u00e4lt die Baumeisterb\u00fcro Ing. Kelih GmbH Nutzungsdaten, die das<\/span><\/strong><br \/>\n<strong><span style=\"color: #0000ff;\"> Nutzerverhalten auf der Homepage anzeigen.<\/span><\/strong><br \/>\n<strong><span style=\"color: #0000ff;\"> Die Auftragsdatenverarbeitung der Reverenzen dient rein als Werbezweck f\u00fcr neue Kunden.<\/span><\/strong><\/p>\n<p><strong><span style=\"color: #0000ff;\">Recht auf Widerruf:<\/span><\/strong><br \/>\n<strong><span style=\"color: #0000ff;\"> Wenn Sie die Baumeisterb\u00fcro Ing. Kelih GmbH auffordern, Ihre personenbezogenen Daten nicht f\u00fcr die weitere Kontaktaufnahme zu verwenden, so wird sie sofort gel\u00f6scht.<\/span><\/strong><\/p>\n","protected":false},"excerpt":{"rendered":"<p>Rechtsform Baumeisterb\u00fcro Ing. Kelih GmbH HRB\/FN FN 400211x Kammer\/Verband Wirtschaftskammer Handelsrechtlicher und gewerberechtlicher Gesch\u00e4ftsf\u00fchrer Bmstr. Ing. Franz Kelih UID ATU 68044635 DATENSCHUTZ Alle Informationen und Erkl\u00e4rungen dieser Internetseiten sind unverbindlich. Die Baumeisterb\u00fcro Ing. Kelih GmbH \u00fcbernimmt f\u00fcr die Richtigkeit und <a href=\"https:\/\/bm-sv-kelih.at\/?page_id=6\" class=\"read-more\">Read More &#8230;<\/a><\/p>\n","protected":false},"author":1,"featured_media":0,"parent":0,"menu_order":0,"comment_status":"closed","ping_status":"closed","template":"","meta":{"footnotes":""},"_links":{"self":[{"href":"https:\/\/bm-sv-kelih.at\/index.php?rest_route=\/wp\/v2\/pages\/6"}],"collection":[{"href":"https:\/\/bm-sv-kelih.at\/index.php?rest_route=\/wp\/v2\/pages"}],"about":[{"href":"https:\/\/bm-sv-kelih.at\/index.php?rest_route=\/wp\/v2\/types\/page"}],"author":[{"embeddable":true,"href":"https:\/\/bm-sv-kelih.at\/index.php?rest_route=\/wp\/v2\/users\/1"}],"replies":[{"embeddable":true,"href":"https:\/\/bm-sv-kelih.at\/index.php?rest_route=%2Fwp%2Fv2%2Fcomments&post=6"}],"version-history":[{"count":18,"href":"https:\/\/bm-sv-kelih.at\/index.php?rest_route=\/wp\/v2\/pages\/6\/revisions"}],"predecessor-version":[{"id":402,"href":"https:\/\/bm-sv-kelih.at\/index.php?rest_route=\/wp\/v2\/pages\/6\/revisions\/402"}],"wp:attachment":[{"href":"https:\/\/bm-sv-kelih.at\/index.php?rest_route=%2Fwp%2Fv2%2Fmedia&parent=6"}],"curies":[{"name":"wp","href":"https:\/\/api.w.org\/{rel}","templated":true}]}}