{"id":4,"date":"2015-11-11T10:02:38","date_gmt":"2015-11-11T10:02:38","guid":{"rendered":"http:\/\/bm-sv-kelih.at\/?page_id=4"},"modified":"2024-11-12T14:06:38","modified_gmt":"2024-11-12T13:06:38","slug":"start","status":"publish","type":"page","link":"https:\/\/bm-sv-kelih.at\/","title":{"rendered":"<center><br>START<br><br><\/center>"},"content":{"rendered":"<p style=\"text-align: left;\"><span style=\"color: #ff0000;\"><strong>Zu meinen Leistungen geh\u00f6ren:<\/strong><\/span><\/p>\n<ul>\n<li><span style=\"color: #0000ff;\"><strong>Sachverst\u00e4ndigengutachten<\/strong><\/span><\/li>\n<li><span style=\"color: #0000ff;\"><strong>Beweisaufnahme<\/strong><\/span><\/li>\n<li><span style=\"color: #0000ff;\"><strong>Schadensanalysen<\/strong><\/span><\/li>\n<li><span style=\"color: #0000ff;\"><strong>Einreichplanungen<\/strong><\/span><\/li>\n<li><span style=\"color: #0000ff;\"><strong>Kostenermittlungsgrundlagen laut LBH\u00a0<\/strong><\/span><\/li>\n<li><span style=\"color: #0000ff;\"><strong>\u00d6rtliche Bauleitung<\/strong><\/span><\/li>\n<li><span style=\"color: #0000ff;\"><strong>Bauabrechnung<\/strong><\/span><\/li>\n<\/ul>\n<p style=\"text-align: left;\"><strong>F\u00fcr n\u00e4here Informationen kontaktieren Sie mich bitte telefonisch, oder senden Sie mir eine Anfrage.<\/strong><br \/>\n<span style=\"color: #000000;\"><strong> Tel:\u00a0 <\/strong><\/span><span style=\"color: #ff0000;\"><strong>+43 (0)660 &#8211; 654 23 28<\/strong><\/span><span style=\"color: #000000;\"><strong><br \/>\n<strong> Mail:\u00a0<\/strong><\/strong> <strong><span style=\"color: #0000ff;\"><a style=\"color: #0000ff; text-decoration: underline;\" href=\"mailto:f.kelih@gmx.at\"><span style=\"color: #ff0000; text-decoration: underline;\">f.kelih@gmx.at<\/span><\/a><\/span><\/strong><\/span><\/p>\n","protected":false},"excerpt":{"rendered":"<p>Zu meinen Leistungen geh\u00f6ren: Sachverst\u00e4ndigengutachten Beweisaufnahme Schadensanalysen Einreichplanungen Kostenermittlungsgrundlagen laut LBH\u00a0 \u00d6rtliche Bauleitung Bauabrechnung F\u00fcr n\u00e4here Informationen kontaktieren Sie mich bitte telefonisch, oder senden Sie mir eine Anfrage. Tel:\u00a0 +43 (0)660 &#8211; 654 23 28 Mail:\u00a0 f.kelih@gmx.at<\/p>\n","protected":false},"author":1,"featured_media":0,"parent":0,"menu_order":0,"comment_status":"closed","ping_status":"closed","template":"","meta":{"footnotes":""},"_links":{"self":[{"href":"https:\/\/bm-sv-kelih.at\/index.php?rest_route=\/wp\/v2\/pages\/4"}],"collection":[{"href":"https:\/\/bm-sv-kelih.at\/index.php?rest_route=\/wp\/v2\/pages"}],"about":[{"href":"https:\/\/bm-sv-kelih.at\/index.php?rest_route=\/wp\/v2\/types\/page"}],"author":[{"embeddable":true,"href":"https:\/\/bm-sv-kelih.at\/index.php?rest_route=\/wp\/v2\/users\/1"}],"replies":[{"embeddable":true,"href":"https:\/\/bm-sv-kelih.at\/index.php?rest_route=%2Fwp%2Fv2%2Fcomments&post=4"}],"version-history":[{"count":50,"href":"https:\/\/bm-sv-kelih.at\/index.php?rest_route=\/wp\/v2\/pages\/4\/revisions"}],"predecessor-version":[{"id":606,"href":"https:\/\/bm-sv-kelih.at\/index.php?rest_route=\/wp\/v2\/pages\/4\/revisions\/606"}],"wp:attachment":[{"href":"https:\/\/bm-sv-kelih.at\/index.php?rest_route=%2Fwp%2Fv2%2Fmedia&parent=4"}],"curies":[{"name":"wp","href":"https:\/\/api.w.org\/{rel}","templated":true}]}}