{"id":29,"date":"2015-11-11T10:45:19","date_gmt":"2015-11-11T10:45:19","guid":{"rendered":"http:\/\/bm-sv-kelih.at\/?page_id=29"},"modified":"2026-02-06T17:24:44","modified_gmt":"2026-02-06T16:24:44","slug":"schadensanalysenleckortungenbrand-und-wassersanierungen","status":"publish","type":"page","link":"https:\/\/bm-sv-kelih.at\/?page_id=29","title":{"rendered":"<center><br>Referenzen<br><br><\/center>"},"content":{"rendered":"<ul>\n<li><span style=\"color: #ff0000;\"><em>Architekturb\u00fcro DI Erich Laure:\u00a0<\/em><\/span><\/li>\n<\/ul>\n<p><span style=\"color: #0000ff;\">Osterwitzgasse 1-3 in 9020 Klagenfurt\u00a0\u00a0<\/span><\/p>\n<p><span style=\"color: #0000ff;\"><a style=\"color: #0000ff;\" href=\"mailto:office@arch-laure.at\">office@arch-laure.at<\/a><\/span><\/p>\n<p><span style=\"color: #0000ff;\">Tel.: +43 (0) 664 8128989<\/span><\/p>\n<ul>\n<li><span style=\"color: #ff0000;\"><em>Architekturb\u00fcro Omansiek &amp;\u00a0Omansiek, DI Harald Omansiek<\/em>:\u00a0<\/span><\/li>\n<\/ul>\n<p><span style=\"color: #0000ff;\">Rizzistrasse 14 in 9020 Klagenfurt,\u00a0 <\/span><\/p>\n<p><span style=\"color: #0000ff;\">omansiek@omansiek.at<\/span><\/p>\n<p><span style=\"color: #0000ff;\">Tel.: +43 (0)463 515751<\/span><\/p>\n<ul>\n<li><span style=\"color: #0000ff;\"><em><span style=\"color: #ff0000;\">Architekturb\u00fcro Omansiek &amp;\u00a0Omansiek, DI Werner\u00a0&amp; DI Thomas Omansiek:<\/span> <\/em><\/span><\/li>\n<\/ul>\n<p><span style=\"color: #0000ff;\">Dr. Franz Palla Gasse 2 in 9020 Klagenfurt,\u00a0 <\/span><\/p>\n<p><span style=\"color: #0000ff;\">office@omansiek.com<\/span><\/p>\n<p><span style=\"color: #0000ff;\">Tel.: +43 (0)463 501150<\/span><\/p>\n<ul>\n<li><span style=\"color: #ff0000;\"><em>Puterrot Architektur:<\/em><\/span><\/li>\n<\/ul>\n<p><span style=\"color: #0000ff;\">Rizzistra\u00dfe 21 in 9020 Klagenfurt, <\/span><\/p>\n<p><span style=\"color: #0000ff;\">info@puterrot.eu<\/span><\/p>\n<p><span style=\"color: #0000ff;\"> Tel.: +43 (0)463 504483<\/span><\/p>\n<ul>\n<li><span style=\"color: #ff0000;\"><em>Teams\u00fcd &#8211; BauConsulting TS OG:<\/em><\/span><\/li>\n<\/ul>\n<p><span style=\"color: #0000ff;\">Siegfried Marcus Stra\u00dfe 5 in\u00a09065 Ebental, <\/span><\/p>\n<p><span style=\"color: #0000ff;\">office@teamsued.com<\/span><\/p>\n<p><span style=\"color: #0000ff;\">Tel:\u00a0\u00a0+43(0)463\u00a0890179<\/span><\/p>\n<ul>\n<li><span style=\"color: #ff0000;\"><em>Salzburg Wohnbau GmbH:<\/em><\/span><\/li>\n<\/ul>\n<p><span style=\"color: #0000ff;\">Josef-Gruber-Strasse 13 in 9020\u00a0Kenfurt, <\/span><\/p>\n<p><span style=\"color: #0000ff;\"><a style=\"color: #0000ff;\" href=\"mailto:H.Schwai@salzburg-wohnbau.at\">H.Schwai@salzburg-wohnbau.at<\/a><\/span><\/p>\n<p><span style=\"color: #0000ff;\">Tel: +43 (0)463\u00a0220390 193\u00a0<\/span><\/p>\n<ul>\n<li><span style=\"color: #0000ff;\"><em><span style=\"color: #ff0000;\">Kalles Statik ZT GmbH:<\/span> <\/em><\/span><\/li>\n<\/ul>\n<p><span style=\"color: #0000ff;\">Hans-Sachs-Stra\u00dfe 23\/4 in 9020 Klagenfurt, \u00a0 <\/span><\/p>\n<p><span style=\"color: #0000ff;\">bmst.kalles@aon.at<\/span><\/p>\n<p><span style=\"color: #0000ff;\">Tel: +43 (0)463 57778821<\/span><\/p>\n<ul>\n<li><span style=\"color: #0000ff;\"><em><span style=\"color: #ff0000;\">Architekt DI Kartnig:<\/span> <\/em><\/span><\/li>\n<\/ul>\n<p><span style=\"color: #0000ff;\">Villacher Ring 57\u00a0in 9020 Klagenfurt, <\/span><\/p>\n<p><span style=\"color: #0000ff;\">buero@klu-arch.at<\/span><\/p>\n<p><span style=\"color: #0000ff;\">Tel: +43 (0)463\u00a0318555<\/span><\/p>\n<ul>\n<li><span style=\"color: #0000ff;\"><em><span style=\"color: #ff0000;\">Weingraber &amp; Prohart Architekten ZT GmbH:<\/span> <\/em><\/span><\/li>\n<\/ul>\n<p><span style=\"color: #0000ff;\">Kinkstra\u00dfe 57 in 9020 Klagenfurt, <\/span><\/p>\n<p><span style=\"color: #0000ff;\">Office@wpa.co.at <\/span><\/p>\n<p><span style=\"color: #0000ff;\">Tel: +43 (0)463\u00a0501335<\/span><\/p>\n<ul>\n<li><span style=\"color: #0000ff;\"><em><span style=\"color: #ff0000;\">Stadtgemeinde Ferlach:<\/span> <\/em><\/span><\/li>\n<\/ul>\n<p><span style=\"color: #0000ff;\">Kirchgasse in 9170 Ferlach, <\/span><\/p>\n<p><span style=\"color: #0000ff;\"><span class=\"marker\">ferlach@ktn.gde.at<\/span><\/span><\/p>\n<p><span style=\"color: #0000ff;\">Tel: +43 (0)4227\u00a02600-16<\/span><\/p>\n<ul>\n<li><span style=\"color: #ff0000;\"><em>TransForm Architekten ZT GmbH:\u00a0<\/em><\/span><\/li>\n<\/ul>\n<p><span style=\"color: #0000ff;\">St. Margareten 1 in 9173 St. Margareten,\u00a0<\/span><\/p>\n<p><span style=\"color: #0000ff;\"> <span class=\"marker\">w<\/span>eratschnig@trans-form.at<\/span><\/p>\n<p><span style=\"color: #0000ff;\">Tel: +43 (0)4226 20100<\/span><\/p>\n<ul>\n<li><span style=\"color: #ff0000;\"><em>BUWOG S\u00fcd GmbH:<\/em><\/span><\/li>\n<\/ul>\n<p><span style=\"color: #0000ff;\">Tirolerstra\u00dfe 17 in 9500 Villach, \u00a0 <\/span><\/p>\n<p><span style=\"color: #0000ff;\">Tel: +43 (0)4242 57500-0<\/span><\/p>\n<ul>\n<li><em><span style=\"color: #ff0000;\">BUWOG Bauen und Wohnen GmbH<\/span><\/em>:<\/li>\n<\/ul>\n<p><span style=\"color: #0000ff;\">Hitzinger Kai 131 in 1130 Wien<\/span><\/p>\n<ul>\n<li><em><span style=\"color: #ff0000;\">K\u00e4rntner Siedlungswerk\u00a0<\/span><\/em><\/li>\n<\/ul>\n<p><span style=\"color: #0000ff;\">Gemeinn\u00fctzige Gesellschaft mit beschr\u00e4nkter Haftung<\/span><\/p>\n<p><span style=\"color: #0000ff;\">Karnerstra\u00dfe 1 in 9020 Klagenfurt<\/span><\/p>\n<p><span style=\"color: #0000ff;\">Tel:\u00a0 +43 463 568 19 18<\/span><\/p>\n<ul>\n<li><span style=\"color: #ff0000;\"><em>Landeswohnbau K\u00e4rnten (K\u00e4rntner Heimst\u00e4tte, Neue Heimat, GWG):<\/em> <\/span><\/li>\n<\/ul>\n<p><span style=\"color: #0000ff;\">Ferdinand Seeland Stra\u00dfe 27 in 9022 Klagenfurt, <\/span><\/p>\n<p><span style=\"color: #0000ff;\">Tel:\u00a0\u00a0+43(0)463\u00a0216260<\/span><\/p>\n<ul>\n<li class=\"kno-ecr-pt kno-fb-ctx _hdf\" data-ved=\"0ahUKEwihjtv3x7PLAhXBApoKHa_FCv0Q3B0IaigBMAs\"><span style=\"color: #ff0000;\"><em>Gemeinn\u00fctzige Treibacher Siedlung Ges.mbH:\u00a0<\/em><\/span><\/li>\n<\/ul>\n<div class=\"kno-ecr-pt kno-fb-ctx _hdf\" data-ved=\"0ahUKEwihjtv3x7PLAhXBApoKHa_FCv0Q3B0IaigBMAs\"><span style=\"color: #0000ff;\"><span class=\"_Xbe\">Karl-Veldner-Stra\u00dfe 15 in 9330 Althofen<\/span><\/span><\/div>\n<div class=\"kno-ecr-pt kno-fb-ctx _hdf\" data-ved=\"0ahUKEwihjtv3x7PLAhXBApoKHa_FCv0Q3B0IaigBMAs\"><span style=\"color: #0000ff;\"><span class=\"_Xbe\">office@gts-wohnbau.at<\/span><\/span><\/div>\n<div class=\"kno-ecr-pt kno-fb-ctx _hdf\" data-ved=\"0ahUKEwihjtv3x7PLAhXBApoKHa_FCv0Q3B0IaigBMAs\"><span style=\"color: #0000ff;\"><span class=\"_Xbe\">Tel:\u00a0\u00a0+43(0)<\/span><span class=\"_Xbe kno-fv\">4262 3634<\/span><\/span><\/div>\n<div data-ved=\"0ahUKEwihjtv3x7PLAhXBApoKHa_FCv0Q3B0IaigBMAs\">\n<ul>\n<li class=\"kno-ecr-pt kno-fb-ctx _hdf\" data-ved=\"0ahUKEwihjtv3x7PLAhXBApoKHa_FCv0Q3B0IaigBMAs\"><span style=\"color: #ff0000;\"><em>plan-ed GmbH:\u00a0<\/em><\/span><\/li>\n<\/ul>\n<div class=\"kno-ecr-pt kno-fb-ctx _hdf\" data-ved=\"0ahUKEwihjtv3x7PLAhXBApoKHa_FCv0Q3B0IaigBMAs\"><span style=\"color: #0000ff;\"><span class=\"_Xbe\">St. Egidi 80 in 8850 Murau<\/span><\/span><\/div>\n<div class=\"kno-ecr-pt kno-fb-ctx _hdf\" data-ved=\"0ahUKEwihjtv3x7PLAhXBApoKHa_FCv0Q3B0IaigBMAs\"><span style=\"color: #0000ff;\"><span class=\"_Xbe\">office@planed.at<\/span><\/span><\/div>\n<div class=\"kno-ecr-pt kno-fb-ctx _hdf\" data-ved=\"0ahUKEwihjtv3x7PLAhXBApoKHa_FCv0Q3B0IaigBMAs\"><span style=\"color: #0000ff;\"><span class=\"_Xbe\">Tel:\u00a0\u00a0+43(0)3532<\/span><span class=\"_Xbe kno-fv\"> 29088<\/span><\/span><\/div>\n<div data-ved=\"0ahUKEwihjtv3x7PLAhXBApoKHa_FCv0Q3B0IaigBMAs\">\n<ul>\n<li class=\"kno-ecr-pt kno-fb-ctx _hdf\" data-ved=\"0ahUKEwihjtv3x7PLAhXBApoKHa_FCv0Q3B0IaigBMAs\"><span style=\"color: #ff0000;\"><em>Baumeister M. Panse GmbH:\u00a0<\/em><\/span><\/li>\n<\/ul>\n<div class=\"kno-ecr-pt kno-fb-ctx _hdf\" data-ved=\"0ahUKEwihjtv3x7PLAhXBApoKHa_FCv0Q3B0IaigBMAs\"><span style=\"color: #0000ff;\"><span class=\"_Xbe\">Kalusweg 18 in 9020 Klagenfurt<\/span><\/span><\/div>\n<div class=\"kno-ecr-pt kno-fb-ctx _hdf\" data-ved=\"0ahUKEwihjtv3x7PLAhXBApoKHa_FCv0Q3B0IaigBMAs\"><span style=\"color: #0000ff;\"><span class=\"_Xbe\">office@panse.at<\/span><\/span><\/div>\n<div class=\"kno-ecr-pt kno-fb-ctx _hdf\" data-ved=\"0ahUKEwihjtv3x7PLAhXBApoKHa_FCv0Q3B0IaigBMAs\"><span style=\"color: #0000ff;\"><span class=\"_Xbe\">Tel:\u00a0\u00a0+43(0)676<\/span><span class=\"_Xbe kno-fv\"> 5107319<\/span><\/span><\/div>\n<div data-ved=\"0ahUKEwihjtv3x7PLAhXBApoKHa_FCv0Q3B0IaigBMAs\">\n<ul>\n<li><span style=\"color: #ff0000;\"><em>Wallner &amp; Madile Wohnbau GmbH:\u00a0<\/em><\/span><\/li>\n<\/ul>\n<p><span style=\"color: #0000ff;\">Villacher Stra\u00dfe 43 in 9020 Klagenfurt, \u00a0 <\/span><\/p>\n<p><span style=\"color: #0000ff;\"><span class=\"moto-text_125\"><a class=\"moto-link\" style=\"color: #0000ff;\" href=\"mailto:office@bauwertsued.at\" data-action=\"mail\">office@madile.at<\/a><\/span><\/span><\/p>\n<p><span style=\"color: #0000ff;\">Tel:\u00a0\u00a0+43(0)463 218181<\/span><\/p>\n<\/div>\n<\/div>\n<\/div>\n","protected":false},"excerpt":{"rendered":"<p>Architekturb\u00fcro DI Erich Laure:\u00a0 Osterwitzgasse 1-3 in 9020 Klagenfurt\u00a0\u00a0 office@arch-laure.at Tel.: +43 (0) 664 8128989 Architekturb\u00fcro Omansiek &amp;\u00a0Omansiek, DI Harald Omansiek:\u00a0 Rizzistrasse 14 in 9020 Klagenfurt,\u00a0 omansiek@omansiek.at Tel.: +43 (0)463 515751 Architekturb\u00fcro Omansiek &amp;\u00a0Omansiek, DI Werner\u00a0&amp; DI Thomas Omansiek: Dr. <a href=\"https:\/\/bm-sv-kelih.at\/?page_id=29\" class=\"read-more\">Read More &#8230;<\/a><\/p>\n","protected":false},"author":1,"featured_media":0,"parent":0,"menu_order":0,"comment_status":"closed","ping_status":"closed","template":"","meta":{"footnotes":""},"_links":{"self":[{"href":"https:\/\/bm-sv-kelih.at\/index.php?rest_route=\/wp\/v2\/pages\/29"}],"collection":[{"href":"https:\/\/bm-sv-kelih.at\/index.php?rest_route=\/wp\/v2\/pages"}],"about":[{"href":"https:\/\/bm-sv-kelih.at\/index.php?rest_route=\/wp\/v2\/types\/page"}],"author":[{"embeddable":true,"href":"https:\/\/bm-sv-kelih.at\/index.php?rest_route=\/wp\/v2\/users\/1"}],"replies":[{"embeddable":true,"href":"https:\/\/bm-sv-kelih.at\/index.php?rest_route=%2Fwp%2Fv2%2Fcomments&post=29"}],"version-history":[{"count":47,"href":"https:\/\/bm-sv-kelih.at\/index.php?rest_route=\/wp\/v2\/pages\/29\/revisions"}],"predecessor-version":[{"id":608,"href":"https:\/\/bm-sv-kelih.at\/index.php?rest_route=\/wp\/v2\/pages\/29\/revisions\/608"}],"wp:attachment":[{"href":"https:\/\/bm-sv-kelih.at\/index.php?rest_route=%2Fwp%2Fv2%2Fmedia&parent=29"}],"curies":[{"name":"wp","href":"https:\/\/api.w.org\/{rel}","templated":true}]}}